{"id":969,"date":"2026-04-30T12:44:33","date_gmt":"2026-04-30T15:44:33","guid":{"rendered":"https:\/\/www.grupoutam.com.br\/2026\/?page_id=969"},"modified":"2026-04-30T13:34:14","modified_gmt":"2026-04-30T16:34:14","slug":"fale-conosco","status":"publish","type":"page","link":"https:\/\/www.grupoutam.com.br\/2026\/fale-conosco\/","title":{"rendered":"Fale Conosco"},"content":{"rendered":"\t\t<div data-elementor-type=\"wp-page\" data-elementor-id=\"969\" class=\"elementor elementor-969\" data-elementor-post-type=\"page\">\n\t\t\t\t<div class=\"elementor-element elementor-element-f511c10 e-con-full e-flex e-con e-parent\" data-id=\"f511c10\" data-element_type=\"container\" data-e-type=\"container\">\n\t\t\t\t<div class=\"elementor-element elementor-element-f3c4a12 elementor-widget elementor-widget-image\" data-id=\"f3c4a12\" data-element_type=\"widget\" data-e-type=\"widget\" data-widget_type=\"image.default\">\n\t\t\t\t\t\t\t\t\t\t\t\t\t\t\t<img fetchpriority=\"high\" decoding=\"async\" width=\"1440\" height=\"525\" src=\"https:\/\/www.grupoutam.com.br\/2026\/wp-content\/uploads\/2026\/03\/banner-nossos-cafes.png\" class=\"attachment-full size-full wp-image-600\" alt=\"\" srcset=\"https:\/\/www.grupoutam.com.br\/2026\/wp-content\/uploads\/2026\/03\/banner-nossos-cafes.png 1440w, https:\/\/www.grupoutam.com.br\/2026\/wp-content\/uploads\/2026\/03\/banner-nossos-cafes-300x109.png 300w, https:\/\/www.grupoutam.com.br\/2026\/wp-content\/uploads\/2026\/03\/banner-nossos-cafes-1024x373.png 1024w, https:\/\/www.grupoutam.com.br\/2026\/wp-content\/uploads\/2026\/03\/banner-nossos-cafes-768x280.png 768w\" sizes=\"(max-width: 1440px) 100vw, 1440px\" \/>\t\t\t\t\t\t\t\t\t\t\t\t\t\t\t<\/div>\n\t\t\t\t<\/div>\n\t\t<div class=\"elementor-element elementor-element-004aa7d e-con-full e-flex e-con e-parent\" data-id=\"004aa7d\" data-element_type=\"container\" data-e-type=\"container\">\n\t\t\t\t<div class=\"elementor-element elementor-element-d6b77c1 elementor-widget elementor-widget-heading\" data-id=\"d6b77c1\" data-element_type=\"widget\" data-e-type=\"widget\" data-widget_type=\"heading.default\">\n\t\t\t\t\t<h1 class=\"elementor-heading-title elementor-size-default\">Fale Conosco<\/h1>\t\t\t\t<\/div>\n\t\t\t\t<\/div>\n\t\t<div class=\"elementor-element elementor-element-b1c27ac e-flex e-con-boxed e-con e-parent\" data-id=\"b1c27ac\" data-element_type=\"container\" data-e-type=\"container\">\n\t\t\t\t\t<div class=\"e-con-inner\">\n\t\t\t\t<div class=\"elementor-element elementor-element-e2589c8 elementor-widget elementor-widget-html\" data-id=\"e2589c8\" data-element_type=\"widget\" data-e-type=\"widget\" data-widget_type=\"html.default\">\n\t\t\t\t\t<script>\r\ndocument.addEventListener(\"DOMContentLoaded\", function () {\r\n\r\n  function aplicarMascaraTelefone(input) {\r\n\r\n    input.addEventListener(\"input\", function () {\r\n      let valor = input.value.replace(\/\\D\/g, \"\");\r\n\r\n      if (valor.length > 11) {\r\n        valor = valor.slice(0, 11);\r\n      }\r\n\r\n      \/\/ Formata\u00e7\u00e3o din\u00e2mica\r\n      if (valor.length <= 10) {\r\n        \/\/ (11) 1234-5678\r\n        valor = valor.replace(\/^(\\d{2})(\\d)\/g, \"($1) $2\");\r\n        valor = valor.replace(\/(\\d{4})(\\d)\/, \"$1-$2\");\r\n      } else {\r\n        \/\/ (11) 91234-5678\r\n        valor = valor.replace(\/^(\\d{2})(\\d)\/g, \"($1) $2\");\r\n        valor = valor.replace(\/(\\d{5})(\\d)\/, \"$1-$2\");\r\n      }\r\n\r\n      input.value = valor;\r\n    });\r\n\r\n  }\r\n\r\n  \/\/ Aplica em TODOS inputs de telefone do site\r\n  document.querySelectorAll('input[type=\"tel\"], input[name*=\"tel\"], input[name*=\"phone\"]').forEach(function(input){\r\n    aplicarMascaraTelefone(input);\r\n  });\r\n\r\n});\r\n<\/script>\t\t\t\t<\/div>\n\t\t\t\t<div class=\"elementor-element elementor-element-ec9185b elementor-widget elementor-widget-shortcode\" data-id=\"ec9185b\" data-element_type=\"widget\" data-e-type=\"widget\" data-widget_type=\"shortcode.default\">\n\t\t\t\t\t\t\t<div class=\"elementor-shortcode\">\n<div class=\"wpcf7 no-js\" id=\"wpcf7-f972-o1\" lang=\"pt-BR\" dir=\"ltr\" data-wpcf7-id=\"972\">\n<div class=\"screen-reader-response\"><p role=\"status\" aria-live=\"polite\" aria-atomic=\"true\"><\/p> <ul><\/ul><\/div>\n<form action=\"\/2026\/wp-json\/wp\/v2\/pages\/969#wpcf7-f972-o1\" method=\"post\" class=\"wpcf7-form init\" aria-label=\"Formul\u00e1rios de contato\" novalidate=\"novalidate\" data-status=\"init\">\n<fieldset class=\"hidden-fields-container\"><input type=\"hidden\" name=\"_wpcf7\" value=\"972\" \/><input type=\"hidden\" name=\"_wpcf7_version\" value=\"6.1.5\" \/><input type=\"hidden\" name=\"_wpcf7_locale\" value=\"pt_BR\" \/><input type=\"hidden\" name=\"_wpcf7_unit_tag\" value=\"wpcf7-f972-o1\" \/><input type=\"hidden\" name=\"_wpcf7_container_post\" value=\"0\" \/><input type=\"hidden\" name=\"_wpcf7_posted_data_hash\" value=\"\" \/>\n<\/fieldset>\n<input class=\"wpcf7-form-control wpcf7-hidden\" value=\"Fale Conosco\" type=\"hidden\" name=\"your-subject\" \/>\n<div class=\"utam-form\">\n\t<div class=\"utam-form-row\">\n\t\t<p><label>Nome*<\/label><br \/>\n<span class=\"wpcf7-form-control-wrap\" data-name=\"your-name\"><input size=\"40\" maxlength=\"400\" class=\"wpcf7-form-control wpcf7-text wpcf7-validates-as-required\" aria-required=\"true\" aria-invalid=\"false\" placeholder=\"Digite seu nome\" value=\"\" type=\"text\" name=\"your-name\" \/><\/span>\n\t\t<\/p>\n\t<\/div>\n\t<div class=\"utam-form-row\">\n\t\t<p><label>E-mail*<\/label><br \/>\n<span class=\"wpcf7-form-control-wrap\" data-name=\"your-email\"><input size=\"40\" maxlength=\"400\" class=\"wpcf7-form-control wpcf7-email wpcf7-validates-as-required wpcf7-text wpcf7-validates-as-email\" aria-required=\"true\" aria-invalid=\"false\" placeholder=\"Digite seu e-mail\" value=\"\" type=\"email\" name=\"your-email\" \/><\/span>\n\t\t<\/p>\n\t<\/div>\n\t<div class=\"utam-form-row\">\n\t\t<p><label>Telefone*<\/label><br \/>\n<span class=\"wpcf7-form-control-wrap\" data-name=\"telefone\"><input size=\"40\" maxlength=\"400\" class=\"wpcf7-form-control wpcf7-tel wpcf7-validates-as-required wpcf7-text wpcf7-validates-as-tel\" aria-required=\"true\" aria-invalid=\"false\" placeholder=\"(00) 00000-0000\" value=\"\" type=\"tel\" name=\"telefone\" \/><\/span>\n\t\t<\/p>\n\t<\/div>\n\t<div class=\"utam-form-row\">\n\t\t<p><label>Mensagem*<\/label><br \/>\n<span class=\"wpcf7-form-control-wrap\" data-name=\"mensagem\"><textarea cols=\"40\" rows=\"10\" maxlength=\"2000\" class=\"wpcf7-form-control wpcf7-textarea wpcf7-validates-as-required\" aria-required=\"true\" aria-invalid=\"false\" placeholder=\"Digite sua mensagem\" name=\"mensagem\"><\/textarea><\/span>\n\t\t<\/p>\n\t<\/div>\n\t<div class=\"utam-lgpd\">\n\t\t<p><span class=\"wpcf7-form-control-wrap\" data-name=\"lgpd\"><span class=\"wpcf7-form-control wpcf7-acceptance\"><span class=\"wpcf7-list-item\"><label><input type=\"checkbox\" name=\"lgpd\" value=\"1\" aria-invalid=\"false\" \/><span class=\"wpcf7-list-item-label\">Eu concordo com a <a href=\"https:\/\/www.grupoutam.com.br\/2026\/sobre\/#politica-de-privacidade\" target=\"_blank\">Pol\u00edtica de Privacidade<\/a>.<\/span><\/label><\/span><\/span><\/span>\n\t\t<\/p>\n\t<\/div>\n\t<div class=\"utam-form-submit\">\n\t\t<p><input class=\"wpcf7-form-control wpcf7-submit has-spinner\" type=\"submit\" value=\"Enviar mensagem\" \/>\n\t\t<\/p>\n\t<\/div>\n<\/div><div class=\"wpcf7-response-output\" aria-hidden=\"true\"><\/div>\n<\/form>\n<\/div>\n<\/div>\n\t\t\t\t\t\t<\/div>\n\t\t\t\t\t<\/div>\n\t\t\t\t<\/div>\n\t\t<div class=\"elementor-element elementor-element-d6f23a0 e-flex e-con-boxed e-con e-parent\" data-id=\"d6f23a0\" data-element_type=\"container\" data-e-type=\"container\">\n\t\t\t\t\t<div class=\"e-con-inner\">\n\t\t\t\t<div class=\"elementor-element elementor-element-c720deb elementor-widget elementor-widget-text-editor\" data-id=\"c720deb\" data-element_type=\"widget\" data-e-type=\"widget\" data-widget_type=\"text-editor.default\">\n\t\t\t\t\t\t\t\t\t<p>Caro (a) Jornalista,<br \/>Seja bem-vindo (a) \u00e0 \u00e1rea de relacionamento com a imprensa da Caf\u00e9 Utam S\/A. Para agendamento de pautas, solicita\u00e7\u00e3o de dados ou d\u00favidas favor entrar em contato com a assessoria de imprensa da Utam.<\/p><p><strong>Assessoria Verbo Nostro Comunica\u00e7\u00e3o Planejada<\/strong><br \/>Tel.: <a href=\"tel:+551636108659\">(16) 3610-8659<\/a> \/ <a href=\"tel:+5516991522700\">99152 2700<\/a><\/p>\t\t\t\t\t\t\t\t<\/div>\n\t\t\t\t\t<\/div>\n\t\t\t\t<\/div>\n\t\t\t\t<\/div>\n\t\t","protected":false},"excerpt":{"rendered":"<p>Caro (a) Jornalista,Seja bem-vindo (a) \u00e0 \u00e1rea de relacionamento com a imprensa da Caf\u00e9 Utam S\/A. Para agendamento de pautas, solicita\u00e7\u00e3o de dados ou d\u00favidas favor entrar em contato com a assessoria de imprensa da Utam. Assessoria Verbo Nostro Comunica\u00e7\u00e3o PlanejadaTel.: (16) 3610-8659 \/ 99152 2700<\/p>\n","protected":false},"author":1,"featured_media":0,"parent":0,"menu_order":0,"comment_status":"closed","ping_status":"closed","template":"","meta":{"_acf_changed":false,"footnotes":""},"class_list":["post-969","page","type-page","status-publish","hentry"],"acf":[],"_links":{"self":[{"href":"https:\/\/www.grupoutam.com.br\/2026\/wp-json\/wp\/v2\/pages\/969","targetHints":{"allow":["GET"]}}],"collection":[{"href":"https:\/\/www.grupoutam.com.br\/2026\/wp-json\/wp\/v2\/pages"}],"about":[{"href":"https:\/\/www.grupoutam.com.br\/2026\/wp-json\/wp\/v2\/types\/page"}],"author":[{"embeddable":true,"href":"https:\/\/www.grupoutam.com.br\/2026\/wp-json\/wp\/v2\/users\/1"}],"replies":[{"embeddable":true,"href":"https:\/\/www.grupoutam.com.br\/2026\/wp-json\/wp\/v2\/comments?post=969"}],"version-history":[{"count":40,"href":"https:\/\/www.grupoutam.com.br\/2026\/wp-json\/wp\/v2\/pages\/969\/revisions"}],"predecessor-version":[{"id":1033,"href":"https:\/\/www.grupoutam.com.br\/2026\/wp-json\/wp\/v2\/pages\/969\/revisions\/1033"}],"wp:attachment":[{"href":"https:\/\/www.grupoutam.com.br\/2026\/wp-json\/wp\/v2\/media?parent=969"}],"curies":[{"name":"wp","href":"https:\/\/api.w.org\/{rel}","templated":true}]}}