{"id":440,"date":"2026-03-27T11:20:32","date_gmt":"2026-03-27T14:20:32","guid":{"rendered":"https:\/\/www.grupoutam.com.br\/2026\/?page_id=440"},"modified":"2026-03-27T17:36:19","modified_gmt":"2026-03-27T20:36:19","slug":"blog","status":"publish","type":"page","link":"https:\/\/www.grupoutam.com.br\/2026\/blog\/","title":{"rendered":"Blog"},"content":{"rendered":"\t\t<div data-elementor-type=\"wp-page\" data-elementor-id=\"440\" class=\"elementor elementor-440\" data-elementor-post-type=\"page\">\n\t\t\t\t<div class=\"elementor-element elementor-element-d51edda e-con-full e-flex e-con e-parent\" data-id=\"d51edda\" data-element_type=\"container\" data-e-type=\"container\">\n\t\t\t\t<div class=\"elementor-element elementor-element-5943e3c elementor-widget elementor-widget-image\" data-id=\"5943e3c\" data-element_type=\"widget\" data-e-type=\"widget\" data-widget_type=\"image.default\">\n\t\t\t\t\t\t\t\t\t\t\t\t\t\t\t<img fetchpriority=\"high\" decoding=\"async\" width=\"1440\" height=\"525\" src=\"https:\/\/www.grupoutam.com.br\/2026\/wp-content\/uploads\/2026\/03\/banner-blog.png\" class=\"attachment-full size-full wp-image-544\" alt=\"\" srcset=\"https:\/\/www.grupoutam.com.br\/2026\/wp-content\/uploads\/2026\/03\/banner-blog.png 1440w, https:\/\/www.grupoutam.com.br\/2026\/wp-content\/uploads\/2026\/03\/banner-blog-300x109.png 300w, https:\/\/www.grupoutam.com.br\/2026\/wp-content\/uploads\/2026\/03\/banner-blog-1024x373.png 1024w, https:\/\/www.grupoutam.com.br\/2026\/wp-content\/uploads\/2026\/03\/banner-blog-768x280.png 768w\" sizes=\"(max-width: 1440px) 100vw, 1440px\" \/>\t\t\t\t\t\t\t\t\t\t\t\t\t\t\t<\/div>\n\t\t\t\t<\/div>\n\t\t<div class=\"elementor-element elementor-element-afa5c25 e-con-full e-flex e-con e-parent\" data-id=\"afa5c25\" data-element_type=\"container\" data-e-type=\"container\">\n\t\t<div class=\"elementor-element elementor-element-5ad592a e-con-full e-flex e-con e-child\" data-id=\"5ad592a\" data-element_type=\"container\" data-e-type=\"container\">\n\t\t<div class=\"elementor-element elementor-element-ac6ef37 e-con-full e-flex e-con e-child\" data-id=\"ac6ef37\" data-element_type=\"container\" data-e-type=\"container\">\n\t\t\t\t<div class=\"elementor-element elementor-element-80ae928 elementor-widget elementor-widget-heading\" data-id=\"80ae928\" data-element_type=\"widget\" data-e-type=\"widget\" data-widget_type=\"heading.default\">\n\t\t\t\t\t<h1 class=\"elementor-heading-title elementor-size-default\">Caf\u00e9 Al\u00e9m de bebida<\/h1>\t\t\t\t<\/div>\n\t\t\t\t<\/div>\n\t\t\t\t<div class=\"elementor-element elementor-element-d919cc5 elementor-grid-1 elementor-grid-tablet-2 elementor-grid-mobile-1 elementor-widget elementor-widget-loop-grid\" data-id=\"d919cc5\" data-element_type=\"widget\" data-e-type=\"widget\" data-settings=\"{&quot;template_id&quot;:&quot;434&quot;,&quot;columns&quot;:1,&quot;row_gap&quot;:{&quot;unit&quot;:&quot;px&quot;,&quot;size&quot;:0,&quot;sizes&quot;:[]},&quot;_skin&quot;:&quot;post&quot;,&quot;columns_tablet&quot;:&quot;2&quot;,&quot;columns_mobile&quot;:&quot;1&quot;,&quot;edit_handle_selector&quot;:&quot;[data-elementor-type=\\&quot;loop-item\\&quot;]&quot;,&quot;row_gap_tablet&quot;:{&quot;unit&quot;:&quot;px&quot;,&quot;size&quot;:&quot;&quot;,&quot;sizes&quot;:[]},&quot;row_gap_mobile&quot;:{&quot;unit&quot;:&quot;px&quot;,&quot;size&quot;:&quot;&quot;,&quot;sizes&quot;:[]}}\" data-widget_type=\"loop-grid.post\">\n\t\t\t\t<div class=\"elementor-widget-container\">\n\t\t\t\t\t\t\t<div class=\"elementor-loop-container elementor-grid\" role=\"list\">\n\t\t<style id=\"loop-434\">.elementor-434 .elementor-element.elementor-element-daad9b0{--display:flex;--flex-direction:column;--container-widget-width:100%;--container-widget-height:initial;--container-widget-flex-grow:0;--container-widget-align-self:initial;--flex-wrap-mobile:wrap;--gap:0px 0px;--row-gap:0px;--column-gap:0px;border-style:solid;--border-style:solid;border-width:2px 2px 0px 2px;--border-top-width:2px;--border-right-width:2px;--border-bottom-width:0px;--border-left-width:2px;border-color:var( --e-global-color-050f2c3 );--border-color:var( --e-global-color-050f2c3 );--padding-top:0px;--padding-bottom:0px;--padding-left:0px;--padding-right:0px;}.elementor-434 .elementor-element.elementor-element-475c042{--display:flex;--justify-content:space-between;--gap:0px 0px;--row-gap:0px;--column-gap:0px;--padding-top:0px;--padding-bottom:0px;--padding-left:0px;--padding-right:0px;}.elementor-434 .elementor-element.elementor-element-c7ab69d{--display:flex;--padding-top:0px;--padding-bottom:0px;--padding-left:0px;--padding-right:0px;}.elementor-widget-image .widget-image-caption{color:var( --e-global-color-text );font-family:var( --e-global-typography-text-font-family ), Sans-serif;font-size:var( --e-global-typography-text-font-size );font-weight:var( --e-global-typography-text-font-weight );text-transform:var( --e-global-typography-text-text-transform );line-height:var( --e-global-typography-text-line-height );letter-spacing:var( --e-global-typography-text-letter-spacing );}.elementor-434 .elementor-element.elementor-element-33ca73a img{width:100%;}.elementor-434 .elementor-element.elementor-element-d169d13{--display:flex;--gap:5px 5px;--row-gap:5px;--column-gap:5px;--padding-top:20px;--padding-bottom:20px;--padding-left:20px;--padding-right:20px;}.elementor-widget-heading .elementor-heading-title{font-family:var( --e-global-typography-primary-font-family ), Sans-serif;font-size:var( --e-global-typography-primary-font-size );font-weight:var( --e-global-typography-primary-font-weight );text-transform:var( --e-global-typography-primary-text-transform );line-height:var( --e-global-typography-primary-line-height );letter-spacing:var( --e-global-typography-primary-letter-spacing );color:var( --e-global-color-primary );}.elementor-434 .elementor-element.elementor-element-beedad2 .elementor-heading-title{font-family:var( --e-global-typography-accent-font-family ), Sans-serif;font-size:var( --e-global-typography-accent-font-size );font-weight:var( --e-global-typography-accent-font-weight );text-transform:var( --e-global-typography-accent-text-transform );color:var( --e-global-color-fc494c0 );}.elementor-widget-theme-post-excerpt{font-family:var( --e-global-typography-text-font-family ), Sans-serif;font-size:var( --e-global-typography-text-font-size );font-weight:var( --e-global-typography-text-font-weight );text-transform:var( --e-global-typography-text-text-transform );line-height:var( --e-global-typography-text-line-height );letter-spacing:var( --e-global-typography-text-letter-spacing );color:var( --e-global-color-text );}@media(max-width:1024px){.elementor-widget-image .widget-image-caption{font-size:var( --e-global-typography-text-font-size );line-height:var( --e-global-typography-text-line-height );letter-spacing:var( --e-global-typography-text-letter-spacing );}.elementor-widget-heading .elementor-heading-title{font-size:var( --e-global-typography-primary-font-size );line-height:var( --e-global-typography-primary-line-height );letter-spacing:var( --e-global-typography-primary-letter-spacing );}.elementor-434 .elementor-element.elementor-element-beedad2 .elementor-heading-title{font-size:var( --e-global-typography-accent-font-size );}.elementor-widget-theme-post-excerpt{font-size:var( --e-global-typography-text-font-size );line-height:var( --e-global-typography-text-line-height );letter-spacing:var( --e-global-typography-text-letter-spacing );}}@media(max-width:767px){.elementor-widget-image .widget-image-caption{font-size:var( --e-global-typography-text-font-size );line-height:var( --e-global-typography-text-line-height );letter-spacing:var( --e-global-typography-text-letter-spacing );}.elementor-widget-heading .elementor-heading-title{font-size:var( --e-global-typography-primary-font-size );line-height:var( --e-global-typography-primary-line-height );letter-spacing:var( --e-global-typography-primary-letter-spacing );}.elementor-434 .elementor-element.elementor-element-beedad2 .elementor-heading-title{font-size:var( --e-global-typography-accent-font-size );}.elementor-widget-theme-post-excerpt{font-size:var( --e-global-typography-text-font-size );line-height:var( --e-global-typography-text-line-height );letter-spacing:var( --e-global-typography-text-letter-spacing );}}\/* Start custom CSS for container, class: .elementor-element-475c042 *\/.card-receita-hover {\r\n  transition: opacity 0.3s ease;\r\n}\r\n\r\n.card-receita-hover:hover {\r\n  opacity: 0.82;\r\n}\r\n\r\n.card-receita-hover:hover .produto-hover-fill::before {\r\n  transform: scaleX(1);\r\n}\r\n\r\n.card-receita-hover:hover .produto-hover-fill {\r\n  color: #fff;\r\n}\/* End custom CSS *\/<\/style>\t\t<div data-elementor-type=\"loop-item\" data-elementor-id=\"434\" class=\"elementor elementor-434 e-loop-item e-loop-item-412 post-412 post type-post status-publish format-standard has-post-thumbnail hentry canal_editorial-cafe-alem-da-bebida\" data-elementor-post-type=\"elementor_library\" data-custom-edit-handle=\"1\">\n\t\t\t<div class=\"elementor-element elementor-element-daad9b0 e-flex e-con-boxed e-con e-parent\" data-id=\"daad9b0\" data-element_type=\"container\" data-e-type=\"container\">\n\t\t\t\t\t<div class=\"e-con-inner\">\n\t\t<a class=\"elementor-element elementor-element-475c042 e-con-full card-receita-hover e-flex e-con e-child\" data-id=\"475c042\" data-element_type=\"container\" data-e-type=\"container\" href=\"https:\/\/www.grupoutam.com.br\/2026\/2026\/03\/27\/mini-arvore-de-natal-com-cafe\/\">\n\t\t<div class=\"elementor-element elementor-element-c7ab69d e-con-full e-flex e-con e-child\" data-id=\"c7ab69d\" data-element_type=\"container\" data-e-type=\"container\">\n\t\t\t\t<div class=\"elementor-element elementor-element-33ca73a elementor-widget elementor-widget-image\" data-id=\"33ca73a\" data-element_type=\"widget\" data-e-type=\"widget\" data-widget_type=\"image.default\">\n\t\t\t\t\t\t\t\t\t\t\t\t\t\t\t<img decoding=\"async\" width=\"477\" height=\"294\" src=\"https:\/\/www.grupoutam.com.br\/2026\/wp-content\/uploads\/2026\/03\/exemplo-cafe-alem-de-bebida.png\" class=\"attachment-full size-full wp-image-413\" alt=\"\" srcset=\"https:\/\/www.grupoutam.com.br\/2026\/wp-content\/uploads\/2026\/03\/exemplo-cafe-alem-de-bebida.png 477w, https:\/\/www.grupoutam.com.br\/2026\/wp-content\/uploads\/2026\/03\/exemplo-cafe-alem-de-bebida-300x185.png 300w\" sizes=\"(max-width: 477px) 100vw, 477px\" \/>\t\t\t\t\t\t\t\t\t\t\t\t\t\t\t<\/div>\n\t\t\t\t<\/div>\n\t\t<div class=\"elementor-element elementor-element-d169d13 e-con-full card-texto-flex e-flex e-con e-child\" data-id=\"d169d13\" data-element_type=\"container\" data-e-type=\"container\">\n\t\t\t\t<div class=\"elementor-element elementor-element-beedad2 elementor-widget elementor-widget-heading\" data-id=\"beedad2\" data-element_type=\"widget\" data-e-type=\"widget\" data-widget_type=\"heading.default\">\n\t\t\t\t\t<h2 class=\"elementor-heading-title elementor-size-default\">Mini \u00c1rvore de Natal com Caf\u00e9<\/h2>\t\t\t\t<\/div>\n\t\t\t\t<div class=\"elementor-element elementor-element-8cb7a24 elementor-widget elementor-widget-theme-post-excerpt\" data-id=\"8cb7a24\" data-element_type=\"widget\" data-e-type=\"widget\" data-widget_type=\"theme-post-excerpt.default\">\n\t\t\t\t\t<p>Um novo estudo internacional trouxe boas not\u00edcias para quem \u00e9 apaixonado por caf\u00e9 \u2014 e...\t\t\t\t<\/div>\n\t\t\t\t<\/div>\n\t\t\t\t<\/a>\n\t\t\t\t\t<\/div>\n\t\t\t\t<\/div>\n\t\t\t\t<\/div>\n\t\t\t\t<\/div>\n\t\t\n\t\t\t\t\t\t<\/div>\n\t\t\t\t<\/div>\n\t\t<div class=\"elementor-element elementor-element-d3abc58 e-con-full e-flex e-con e-child\" data-id=\"d3abc58\" data-element_type=\"container\" data-e-type=\"container\">\n\t\t\t\t<div class=\"elementor-element elementor-element-f2c38db elementor-widget elementor-widget-button\" data-id=\"f2c38db\" data-element_type=\"widget\" data-e-type=\"widget\" data-widget_type=\"button.default\">\n\t\t\t\t\t\t\t\t\t\t<a class=\"elementor-button elementor-button-link elementor-size-sm\" href=\"\/2026\/canal_editorial\/cafe-alem-da-bebida\/\">\n\t\t\t\t\t\t<span class=\"elementor-button-content-wrapper\">\n\t\t\t\t\t\t\t\t\t<span class=\"elementor-button-text\">Ver mais<\/span>\n\t\t\t\t\t<\/span>\n\t\t\t\t\t<\/a>\n\t\t\t\t\t\t\t\t<\/div>\n\t\t\t\t<\/div>\n\t\t\t\t<\/div>\n\t\t<div class=\"elementor-element elementor-element-33c0f00 e-con-full e-flex e-con e-child\" data-id=\"33c0f00\" data-element_type=\"container\" data-e-type=\"container\">\n\t\t<div class=\"elementor-element elementor-element-5250ca0 e-con-full e-flex e-con e-child\" data-id=\"5250ca0\" data-element_type=\"container\" data-e-type=\"container\">\n\t\t\t\t<div class=\"elementor-element elementor-element-57d2e45 elementor-widget elementor-widget-heading\" data-id=\"57d2e45\" data-element_type=\"widget\" data-e-type=\"widget\" data-widget_type=\"heading.default\">\n\t\t\t\t\t<h1 class=\"elementor-heading-title elementor-size-default\">Momento Mulher<\/h1>\t\t\t\t<\/div>\n\t\t\t\t<\/div>\n\t\t\t\t<div class=\"elementor-element elementor-element-b7873a0 elementor-grid-1 elementor-grid-tablet-2 elementor-grid-mobile-1 elementor-widget elementor-widget-loop-grid\" data-id=\"b7873a0\" data-element_type=\"widget\" data-e-type=\"widget\" data-settings=\"{&quot;template_id&quot;:&quot;434&quot;,&quot;columns&quot;:1,&quot;row_gap&quot;:{&quot;unit&quot;:&quot;px&quot;,&quot;size&quot;:0,&quot;sizes&quot;:[]},&quot;_skin&quot;:&quot;post&quot;,&quot;columns_tablet&quot;:&quot;2&quot;,&quot;columns_mobile&quot;:&quot;1&quot;,&quot;edit_handle_selector&quot;:&quot;[data-elementor-type=\\&quot;loop-item\\&quot;]&quot;,&quot;row_gap_tablet&quot;:{&quot;unit&quot;:&quot;px&quot;,&quot;size&quot;:&quot;&quot;,&quot;sizes&quot;:[]},&quot;row_gap_mobile&quot;:{&quot;unit&quot;:&quot;px&quot;,&quot;size&quot;:&quot;&quot;,&quot;sizes&quot;:[]}}\" data-widget_type=\"loop-grid.post\">\n\t\t\t\t<div class=\"elementor-widget-container\">\n\t\t\t\t\t\t\t<div class=\"elementor-loop-container elementor-grid\" role=\"list\">\n\t\t\t\t<div data-elementor-type=\"loop-item\" data-elementor-id=\"434\" class=\"elementor elementor-434 e-loop-item e-loop-item-419 post-419 post type-post status-publish format-standard has-post-thumbnail hentry canal_editorial-momento-mulher\" data-elementor-post-type=\"elementor_library\" data-custom-edit-handle=\"1\">\n\t\t\t<div class=\"elementor-element elementor-element-daad9b0 e-flex e-con-boxed e-con e-parent\" data-id=\"daad9b0\" data-element_type=\"container\" data-e-type=\"container\">\n\t\t\t\t\t<div class=\"e-con-inner\">\n\t\t<a class=\"elementor-element elementor-element-475c042 e-con-full card-receita-hover e-flex e-con e-child\" data-id=\"475c042\" data-element_type=\"container\" data-e-type=\"container\" href=\"https:\/\/www.grupoutam.com.br\/2026\/2026\/03\/27\/cafe-utam-um-pretexto-para-ficar-juntas\/\">\n\t\t<div class=\"elementor-element elementor-element-c7ab69d e-con-full e-flex e-con e-child\" data-id=\"c7ab69d\" data-element_type=\"container\" data-e-type=\"container\">\n\t\t\t\t<div class=\"elementor-element elementor-element-33ca73a elementor-widget elementor-widget-image\" data-id=\"33ca73a\" data-element_type=\"widget\" data-e-type=\"widget\" data-widget_type=\"image.default\">\n\t\t\t\t\t\t\t\t\t\t\t\t\t\t\t<img decoding=\"async\" width=\"477\" height=\"294\" src=\"https:\/\/www.grupoutam.com.br\/2026\/wp-content\/uploads\/2026\/03\/exemplo-momento-mulher.png\" class=\"attachment-full size-full wp-image-420\" alt=\"\" srcset=\"https:\/\/www.grupoutam.com.br\/2026\/wp-content\/uploads\/2026\/03\/exemplo-momento-mulher.png 477w, https:\/\/www.grupoutam.com.br\/2026\/wp-content\/uploads\/2026\/03\/exemplo-momento-mulher-300x185.png 300w\" sizes=\"(max-width: 477px) 100vw, 477px\" \/>\t\t\t\t\t\t\t\t\t\t\t\t\t\t\t<\/div>\n\t\t\t\t<\/div>\n\t\t<div class=\"elementor-element elementor-element-d169d13 e-con-full card-texto-flex e-flex e-con e-child\" data-id=\"d169d13\" data-element_type=\"container\" data-e-type=\"container\">\n\t\t\t\t<div class=\"elementor-element elementor-element-beedad2 elementor-widget elementor-widget-heading\" data-id=\"beedad2\" data-element_type=\"widget\" data-e-type=\"widget\" data-widget_type=\"heading.default\">\n\t\t\t\t\t<h2 class=\"elementor-heading-title elementor-size-default\">Caf\u00e9 Utam: Um pretexto para ficar juntas<\/h2>\t\t\t\t<\/div>\n\t\t\t\t<div class=\"elementor-element elementor-element-8cb7a24 elementor-widget elementor-widget-theme-post-excerpt\" data-id=\"8cb7a24\" data-element_type=\"widget\" data-e-type=\"widget\" data-widget_type=\"theme-post-excerpt.default\">\n\t\t\t\t\t<p>Um novo estudo internacional trouxe boas not\u00edcias para quem \u00e9 apaixonado por caf\u00e9 \u2014 e...\t\t\t\t<\/div>\n\t\t\t\t<\/div>\n\t\t\t\t<\/a>\n\t\t\t\t\t<\/div>\n\t\t\t\t<\/div>\n\t\t\t\t<\/div>\n\t\t\t\t<\/div>\n\t\t\n\t\t\t\t\t\t<\/div>\n\t\t\t\t<\/div>\n\t\t<div class=\"elementor-element elementor-element-b5a6fcd e-con-full e-flex e-con e-child\" data-id=\"b5a6fcd\" data-element_type=\"container\" data-e-type=\"container\">\n\t\t\t\t<div class=\"elementor-element elementor-element-f80e2eb elementor-widget elementor-widget-button\" data-id=\"f80e2eb\" data-element_type=\"widget\" data-e-type=\"widget\" data-widget_type=\"button.default\">\n\t\t\t\t\t\t\t\t\t\t<a class=\"elementor-button elementor-button-link elementor-size-sm\" href=\"\/2026\/canal_editorial\/momento-mulher\/\">\n\t\t\t\t\t\t<span class=\"elementor-button-content-wrapper\">\n\t\t\t\t\t\t\t\t\t<span class=\"elementor-button-text\">Ver mais<\/span>\n\t\t\t\t\t<\/span>\n\t\t\t\t\t<\/a>\n\t\t\t\t\t\t\t\t<\/div>\n\t\t\t\t<\/div>\n\t\t\t\t<\/div>\n\t\t<div class=\"elementor-element elementor-element-8c74810 e-con-full e-flex e-con e-child\" data-id=\"8c74810\" data-element_type=\"container\" data-e-type=\"container\">\n\t\t<div class=\"elementor-element elementor-element-cbe4b23 e-con-full e-flex e-con e-child\" data-id=\"cbe4b23\" data-element_type=\"container\" data-e-type=\"container\">\n\t\t\t\t<div class=\"elementor-element elementor-element-5327d84 elementor-widget elementor-widget-heading\" data-id=\"5327d84\" data-element_type=\"widget\" data-e-type=\"widget\" data-widget_type=\"heading.default\">\n\t\t\t\t\t<h1 class=\"elementor-heading-title elementor-size-default\">O Assunto \u00e9 Caf\u00e9<\/h1>\t\t\t\t<\/div>\n\t\t\t\t<\/div>\n\t\t\t\t<div class=\"elementor-element elementor-element-927c355 elementor-grid-1 elementor-grid-tablet-2 elementor-grid-mobile-1 elementor-widget elementor-widget-loop-grid\" data-id=\"927c355\" data-element_type=\"widget\" data-e-type=\"widget\" data-settings=\"{&quot;template_id&quot;:&quot;434&quot;,&quot;columns&quot;:1,&quot;row_gap&quot;:{&quot;unit&quot;:&quot;px&quot;,&quot;size&quot;:0,&quot;sizes&quot;:[]},&quot;_skin&quot;:&quot;post&quot;,&quot;columns_tablet&quot;:&quot;2&quot;,&quot;columns_mobile&quot;:&quot;1&quot;,&quot;edit_handle_selector&quot;:&quot;[data-elementor-type=\\&quot;loop-item\\&quot;]&quot;,&quot;row_gap_tablet&quot;:{&quot;unit&quot;:&quot;px&quot;,&quot;size&quot;:&quot;&quot;,&quot;sizes&quot;:[]},&quot;row_gap_mobile&quot;:{&quot;unit&quot;:&quot;px&quot;,&quot;size&quot;:&quot;&quot;,&quot;sizes&quot;:[]}}\" data-widget_type=\"loop-grid.post\">\n\t\t\t\t<div class=\"elementor-widget-container\">\n\t\t\t\t\t\t\t<div class=\"elementor-loop-container elementor-grid\" role=\"list\">\n\t\t\t\t<div data-elementor-type=\"loop-item\" data-elementor-id=\"434\" class=\"elementor elementor-434 e-loop-item e-loop-item-427 post-427 post type-post status-publish format-standard has-post-thumbnail hentry canal_editorial-o-assunto-e-cafe\" data-elementor-post-type=\"elementor_library\" data-custom-edit-handle=\"1\">\n\t\t\t<div class=\"elementor-element elementor-element-daad9b0 e-flex e-con-boxed e-con e-parent\" data-id=\"daad9b0\" data-element_type=\"container\" data-e-type=\"container\">\n\t\t\t\t\t<div class=\"e-con-inner\">\n\t\t<a class=\"elementor-element elementor-element-475c042 e-con-full card-receita-hover e-flex e-con e-child\" data-id=\"475c042\" data-element_type=\"container\" data-e-type=\"container\" href=\"https:\/\/www.grupoutam.com.br\/2026\/2026\/03\/27\/cafe-pode-ajudar-o-coracao\/\">\n\t\t<div class=\"elementor-element elementor-element-c7ab69d e-con-full e-flex e-con e-child\" data-id=\"c7ab69d\" data-element_type=\"container\" data-e-type=\"container\">\n\t\t\t\t<div class=\"elementor-element elementor-element-33ca73a elementor-widget elementor-widget-image\" data-id=\"33ca73a\" data-element_type=\"widget\" data-e-type=\"widget\" data-widget_type=\"image.default\">\n\t\t\t\t\t\t\t\t\t\t\t\t\t\t\t<img loading=\"lazy\" decoding=\"async\" width=\"1440\" height=\"888\" src=\"https:\/\/www.grupoutam.com.br\/2026\/wp-content\/uploads\/2026\/03\/exemplo-o-assunto-e-cafe.png\" class=\"attachment-full size-full wp-image-429\" alt=\"\" srcset=\"https:\/\/www.grupoutam.com.br\/2026\/wp-content\/uploads\/2026\/03\/exemplo-o-assunto-e-cafe.png 1440w, https:\/\/www.grupoutam.com.br\/2026\/wp-content\/uploads\/2026\/03\/exemplo-o-assunto-e-cafe-300x185.png 300w, https:\/\/www.grupoutam.com.br\/2026\/wp-content\/uploads\/2026\/03\/exemplo-o-assunto-e-cafe-1024x631.png 1024w, https:\/\/www.grupoutam.com.br\/2026\/wp-content\/uploads\/2026\/03\/exemplo-o-assunto-e-cafe-768x474.png 768w\" sizes=\"(max-width: 1440px) 100vw, 1440px\" \/>\t\t\t\t\t\t\t\t\t\t\t\t\t\t\t<\/div>\n\t\t\t\t<\/div>\n\t\t<div class=\"elementor-element elementor-element-d169d13 e-con-full card-texto-flex e-flex e-con e-child\" data-id=\"d169d13\" data-element_type=\"container\" data-e-type=\"container\">\n\t\t\t\t<div class=\"elementor-element elementor-element-beedad2 elementor-widget elementor-widget-heading\" data-id=\"beedad2\" data-element_type=\"widget\" data-e-type=\"widget\" data-widget_type=\"heading.default\">\n\t\t\t\t\t<h2 class=\"elementor-heading-title elementor-size-default\">Caf\u00e9 pode ajudar o cora\u00e7\u00e3o<\/h2>\t\t\t\t<\/div>\n\t\t\t\t<div class=\"elementor-element elementor-element-8cb7a24 elementor-widget elementor-widget-theme-post-excerpt\" data-id=\"8cb7a24\" data-element_type=\"widget\" data-e-type=\"widget\" data-widget_type=\"theme-post-excerpt.default\">\n\t\t\t\t\t<p>Um novo estudo internacional trouxe boas not\u00edcias para quem \u00e9 apaixonado por caf\u00e9 \u2014 e...\t\t\t\t<\/div>\n\t\t\t\t<\/div>\n\t\t\t\t<\/a>\n\t\t\t\t\t<\/div>\n\t\t\t\t<\/div>\n\t\t\t\t<\/div>\n\t\t\t\t<\/div>\n\t\t\n\t\t\t\t\t\t<\/div>\n\t\t\t\t<\/div>\n\t\t<div class=\"elementor-element elementor-element-8276565 e-con-full e-flex e-con e-child\" data-id=\"8276565\" data-element_type=\"container\" data-e-type=\"container\">\n\t\t\t\t<div class=\"elementor-element elementor-element-728cf34 elementor-widget elementor-widget-button\" data-id=\"728cf34\" data-element_type=\"widget\" data-e-type=\"widget\" data-widget_type=\"button.default\">\n\t\t\t\t\t\t\t\t\t\t<a class=\"elementor-button elementor-button-link elementor-size-sm\" href=\"\/2026\/canal_editorial\/o-assunto-e-cafe\/\">\n\t\t\t\t\t\t<span class=\"elementor-button-content-wrapper\">\n\t\t\t\t\t\t\t\t\t<span class=\"elementor-button-text\">Ver mais<\/span>\n\t\t\t\t\t<\/span>\n\t\t\t\t\t<\/a>\n\t\t\t\t\t\t\t\t<\/div>\n\t\t\t\t<\/div>\n\t\t\t\t<\/div>\n\t\t\t\t<\/div>\n\t\t\t\t<\/div>\n\t\t","protected":false},"excerpt":{"rendered":"<p>Caf\u00e9 Al\u00e9m de bebida Ver mais Momento Mulher Ver mais O Assunto \u00e9 Caf\u00e9 Ver mais<\/p>\n","protected":false},"author":1,"featured_media":0,"parent":0,"menu_order":0,"comment_status":"closed","ping_status":"closed","template":"","meta":{"_acf_changed":false,"footnotes":""},"class_list":["post-440","page","type-page","status-publish","hentry"],"acf":[],"_links":{"self":[{"href":"https:\/\/www.grupoutam.com.br\/2026\/wp-json\/wp\/v2\/pages\/440","targetHints":{"allow":["GET"]}}],"collection":[{"href":"https:\/\/www.grupoutam.com.br\/2026\/wp-json\/wp\/v2\/pages"}],"about":[{"href":"https:\/\/www.grupoutam.com.br\/2026\/wp-json\/wp\/v2\/types\/page"}],"author":[{"embeddable":true,"href":"https:\/\/www.grupoutam.com.br\/2026\/wp-json\/wp\/v2\/users\/1"}],"replies":[{"embeddable":true,"href":"https:\/\/www.grupoutam.com.br\/2026\/wp-json\/wp\/v2\/comments?post=440"}],"version-history":[{"count":76,"href":"https:\/\/www.grupoutam.com.br\/2026\/wp-json\/wp\/v2\/pages\/440\/revisions"}],"predecessor-version":[{"id":568,"href":"https:\/\/www.grupoutam.com.br\/2026\/wp-json\/wp\/v2\/pages\/440\/revisions\/568"}],"wp:attachment":[{"href":"https:\/\/www.grupoutam.com.br\/2026\/wp-json\/wp\/v2\/media?parent=440"}],"curies":[{"name":"wp","href":"https:\/\/api.w.org\/{rel}","templated":true}]}}