{"id":1016,"date":"2026-04-30T13:20:52","date_gmt":"2026-04-30T16:20:52","guid":{"rendered":"https:\/\/www.grupoutam.com.br\/2026\/?page_id=1016"},"modified":"2026-04-30T13:28:58","modified_gmt":"2026-04-30T16:28:58","slug":"sugestao-critica","status":"publish","type":"page","link":"https:\/\/www.grupoutam.com.br\/2026\/sugestao-critica\/","title":{"rendered":"Sugest\u00e3o \/ Cr\u00edtica"},"content":{"rendered":"\t\t<div data-elementor-type=\"wp-page\" data-elementor-id=\"1016\" class=\"elementor elementor-1016\" data-elementor-post-type=\"page\">\n\t\t\t\t<div class=\"elementor-element elementor-element-c4d1f91 e-con-full e-flex e-con e-parent\" data-id=\"c4d1f91\" data-element_type=\"container\" data-e-type=\"container\">\n\t\t\t\t<div class=\"elementor-element elementor-element-6dbe28e elementor-widget elementor-widget-image\" data-id=\"6dbe28e\" data-element_type=\"widget\" data-e-type=\"widget\" data-widget_type=\"image.default\">\n\t\t\t\t\t\t\t\t\t\t\t\t\t\t\t<img fetchpriority=\"high\" decoding=\"async\" width=\"1440\" height=\"525\" src=\"https:\/\/www.grupoutam.com.br\/2026\/wp-content\/uploads\/2026\/03\/banner-nossos-cafes.png\" class=\"attachment-full size-full wp-image-600\" alt=\"\" srcset=\"https:\/\/www.grupoutam.com.br\/2026\/wp-content\/uploads\/2026\/03\/banner-nossos-cafes.png 1440w, https:\/\/www.grupoutam.com.br\/2026\/wp-content\/uploads\/2026\/03\/banner-nossos-cafes-300x109.png 300w, https:\/\/www.grupoutam.com.br\/2026\/wp-content\/uploads\/2026\/03\/banner-nossos-cafes-1024x373.png 1024w, https:\/\/www.grupoutam.com.br\/2026\/wp-content\/uploads\/2026\/03\/banner-nossos-cafes-768x280.png 768w\" sizes=\"(max-width: 1440px) 100vw, 1440px\" \/>\t\t\t\t\t\t\t\t\t\t\t\t\t\t\t<\/div>\n\t\t\t\t<\/div>\n\t\t<div class=\"elementor-element elementor-element-cc822f5 e-con-full e-flex e-con e-parent\" data-id=\"cc822f5\" data-element_type=\"container\" data-e-type=\"container\">\n\t\t\t\t<div class=\"elementor-element elementor-element-06c3e6c elementor-widget elementor-widget-heading\" data-id=\"06c3e6c\" data-element_type=\"widget\" data-e-type=\"widget\" data-widget_type=\"heading.default\">\n\t\t\t\t\t<h1 class=\"elementor-heading-title elementor-size-default\">Sugest\u00e3o \/ Cr\u00edtica<\/h1>\t\t\t\t<\/div>\n\t\t\t\t<\/div>\n\t\t<div class=\"elementor-element elementor-element-8a5453f e-flex e-con-boxed e-con e-parent\" data-id=\"8a5453f\" data-element_type=\"container\" data-e-type=\"container\">\n\t\t\t\t\t<div class=\"e-con-inner\">\n\t\t\t\t<div class=\"elementor-element elementor-element-9c1324a elementor-widget elementor-widget-html\" data-id=\"9c1324a\" data-element_type=\"widget\" data-e-type=\"widget\" data-widget_type=\"html.default\">\n\t\t\t\t\t<script>\r\ndocument.addEventListener(\"DOMContentLoaded\", function () {\r\n\r\n  function aplicarMascaraTelefone(input) {\r\n\r\n    input.addEventListener(\"input\", function () {\r\n      let valor = input.value.replace(\/\\D\/g, \"\");\r\n\r\n      if (valor.length > 11) {\r\n        valor = valor.slice(0, 11);\r\n      }\r\n\r\n      \/\/ Formata\u00e7\u00e3o din\u00e2mica\r\n      if (valor.length <= 10) {\r\n        \/\/ (11) 1234-5678\r\n        valor = valor.replace(\/^(\\d{2})(\\d)\/g, \"($1) $2\");\r\n        valor = valor.replace(\/(\\d{4})(\\d)\/, \"$1-$2\");\r\n      } else {\r\n        \/\/ (11) 91234-5678\r\n        valor = valor.replace(\/^(\\d{2})(\\d)\/g, \"($1) $2\");\r\n        valor = valor.replace(\/(\\d{5})(\\d)\/, \"$1-$2\");\r\n      }\r\n\r\n      input.value = valor;\r\n    });\r\n\r\n  }\r\n\r\n  \/\/ Aplica em TODOS inputs de telefone do site\r\n  document.querySelectorAll('input[type=\"tel\"], input[name*=\"tel\"], input[name*=\"phone\"]').forEach(function(input){\r\n    aplicarMascaraTelefone(input);\r\n  });\r\n\r\n});\r\n<\/script>\t\t\t\t<\/div>\n\t\t\t\t<div class=\"elementor-element elementor-element-1349f5f elementor-widget elementor-widget-shortcode\" data-id=\"1349f5f\" data-element_type=\"widget\" data-e-type=\"widget\" data-widget_type=\"shortcode.default\">\n\t\t\t\t\t\t\t<div class=\"elementor-shortcode\">\n<div class=\"wpcf7 no-js\" id=\"wpcf7-f1019-o1\" lang=\"pt-BR\" dir=\"ltr\" data-wpcf7-id=\"1019\">\n<div class=\"screen-reader-response\"><p role=\"status\" aria-live=\"polite\" aria-atomic=\"true\"><\/p> <ul><\/ul><\/div>\n<form action=\"\/2026\/wp-json\/wp\/v2\/pages\/1016#wpcf7-f1019-o1\" method=\"post\" class=\"wpcf7-form init\" aria-label=\"Formul\u00e1rios de contato\" novalidate=\"novalidate\" data-status=\"init\">\n<fieldset class=\"hidden-fields-container\"><input type=\"hidden\" name=\"_wpcf7\" value=\"1019\" \/><input type=\"hidden\" name=\"_wpcf7_version\" value=\"6.1.5\" \/><input type=\"hidden\" name=\"_wpcf7_locale\" value=\"pt_BR\" \/><input type=\"hidden\" name=\"_wpcf7_unit_tag\" value=\"wpcf7-f1019-o1\" \/><input type=\"hidden\" name=\"_wpcf7_container_post\" value=\"0\" \/><input type=\"hidden\" name=\"_wpcf7_posted_data_hash\" value=\"\" \/>\n<\/fieldset>\n<input class=\"wpcf7-form-control wpcf7-hidden\" value=\"Sugest\u00e3o \/ Cr\u00edtica\" type=\"hidden\" name=\"your-subject\" \/>\n<div class=\"utam-form\">\n\t<div class=\"utam-form-row\">\n\t\t<p><label>Nome*<\/label><br \/>\n<span class=\"wpcf7-form-control-wrap\" data-name=\"your-name\"><input size=\"40\" maxlength=\"400\" class=\"wpcf7-form-control wpcf7-text wpcf7-validates-as-required\" aria-required=\"true\" aria-invalid=\"false\" placeholder=\"Digite seu nome\" value=\"\" type=\"text\" name=\"your-name\" \/><\/span>\n\t\t<\/p>\n\t<\/div>\n\t<div class=\"utam-form-row\">\n\t\t<p><label>E-mail*<\/label><br \/>\n<span class=\"wpcf7-form-control-wrap\" data-name=\"your-email\"><input size=\"40\" maxlength=\"400\" class=\"wpcf7-form-control wpcf7-email wpcf7-validates-as-required wpcf7-text wpcf7-validates-as-email\" aria-required=\"true\" aria-invalid=\"false\" placeholder=\"Digite seu e-mail\" value=\"\" type=\"email\" name=\"your-email\" \/><\/span>\n\t\t<\/p>\n\t<\/div>\n\t<div class=\"utam-form-row\">\n\t\t<p><label>Tipo de contato*<\/label><br \/>\n<span class=\"wpcf7-form-control-wrap\" data-name=\"tipo-contato\"><select class=\"wpcf7-form-control wpcf7-select wpcf7-validates-as-required\" aria-required=\"true\" aria-invalid=\"false\" name=\"tipo-contato\"><option value=\"Selecione\">Selecione<\/option><option value=\"Sugest\u00e3o\">Sugest\u00e3o<\/option><option value=\"Cr\u00edtica\">Cr\u00edtica<\/option><\/select><\/span>\n\t\t<\/p>\n\t<\/div>\n\t<div class=\"utam-form-row\">\n\t\t<p><label>Mensagem*<\/label><br \/>\n<span class=\"wpcf7-form-control-wrap\" data-name=\"mensagem\"><textarea cols=\"40\" rows=\"10\" maxlength=\"2000\" class=\"wpcf7-form-control wpcf7-textarea wpcf7-validates-as-required\" aria-required=\"true\" aria-invalid=\"false\" placeholder=\"Digite sua mensagem\" name=\"mensagem\"><\/textarea><\/span>\n\t\t<\/p>\n\t<\/div>\n\t<div class=\"utam-lgpd\">\n\t\t<p><span class=\"wpcf7-form-control-wrap\" data-name=\"lgpd\"><span class=\"wpcf7-form-control wpcf7-acceptance\"><span class=\"wpcf7-list-item\"><label><input type=\"checkbox\" name=\"lgpd\" value=\"1\" aria-invalid=\"false\" \/><span class=\"wpcf7-list-item-label\">Eu concordo com a <a href=\"https:\/\/www.grupoutam.com.br\/2026\/sobre\/#politica-de-privacidade\" target=\"_blank\">Pol\u00edtica de Privacidade<\/a>.<\/span><\/label><\/span><\/span><\/span>\n\t\t<\/p>\n\t<\/div>\n\t<div class=\"utam-form-submit\">\n\t\t<p><input class=\"wpcf7-form-control wpcf7-submit has-spinner\" type=\"submit\" value=\"Enviar mensagem\" \/>\n\t\t<\/p>\n\t<\/div>\n<\/div><div class=\"wpcf7-response-output\" aria-hidden=\"true\"><\/div>\n<\/form>\n<\/div>\n<\/div>\n\t\t\t\t\t\t<\/div>\n\t\t\t\t\t<\/div>\n\t\t\t\t<\/div>\n\t\t\t\t<\/div>\n\t\t","protected":false},"excerpt":{"rendered":"","protected":false},"author":1,"featured_media":0,"parent":0,"menu_order":0,"comment_status":"closed","ping_status":"closed","template":"","meta":{"_acf_changed":false,"footnotes":""},"class_list":["post-1016","page","type-page","status-publish","hentry"],"acf":[],"_links":{"self":[{"href":"https:\/\/www.grupoutam.com.br\/2026\/wp-json\/wp\/v2\/pages\/1016","targetHints":{"allow":["GET"]}}],"collection":[{"href":"https:\/\/www.grupoutam.com.br\/2026\/wp-json\/wp\/v2\/pages"}],"about":[{"href":"https:\/\/www.grupoutam.com.br\/2026\/wp-json\/wp\/v2\/types\/page"}],"author":[{"embeddable":true,"href":"https:\/\/www.grupoutam.com.br\/2026\/wp-json\/wp\/v2\/users\/1"}],"replies":[{"embeddable":true,"href":"https:\/\/www.grupoutam.com.br\/2026\/wp-json\/wp\/v2\/comments?post=1016"}],"version-history":[{"count":7,"href":"https:\/\/www.grupoutam.com.br\/2026\/wp-json\/wp\/v2\/pages\/1016\/revisions"}],"predecessor-version":[{"id":1025,"href":"https:\/\/www.grupoutam.com.br\/2026\/wp-json\/wp\/v2\/pages\/1016\/revisions\/1025"}],"wp:attachment":[{"href":"https:\/\/www.grupoutam.com.br\/2026\/wp-json\/wp\/v2\/media?parent=1016"}],"curies":[{"name":"wp","href":"https:\/\/api.w.org\/{rel}","templated":true}]}}