{"id":1011,"date":"2026-04-30T13:17:12","date_gmt":"2026-04-30T16:17:12","guid":{"rendered":"https:\/\/www.grupoutam.com.br\/2026\/?page_id=1011"},"modified":"2026-04-30T13:18:59","modified_gmt":"2026-04-30T16:18:59","slug":"envie-seu-curriculo","status":"publish","type":"page","link":"https:\/\/www.grupoutam.com.br\/2026\/envie-seu-curriculo\/","title":{"rendered":"Envie seu Curr\u00edculo"},"content":{"rendered":"\t\t<div data-elementor-type=\"wp-page\" data-elementor-id=\"1011\" class=\"elementor elementor-1011\" data-elementor-post-type=\"page\">\n\t\t\t\t<div class=\"elementor-element elementor-element-aa22fb0 e-con-full e-flex e-con e-parent\" data-id=\"aa22fb0\" data-element_type=\"container\" data-e-type=\"container\">\n\t\t\t\t<div class=\"elementor-element elementor-element-4ad3039 elementor-widget elementor-widget-image\" data-id=\"4ad3039\" data-element_type=\"widget\" data-e-type=\"widget\" data-widget_type=\"image.default\">\n\t\t\t\t\t\t\t\t\t\t\t\t\t\t\t<img fetchpriority=\"high\" decoding=\"async\" width=\"1440\" height=\"525\" src=\"https:\/\/www.grupoutam.com.br\/2026\/wp-content\/uploads\/2026\/03\/banner-nossos-cafes.png\" class=\"attachment-full size-full wp-image-600\" alt=\"\" srcset=\"https:\/\/www.grupoutam.com.br\/2026\/wp-content\/uploads\/2026\/03\/banner-nossos-cafes.png 1440w, https:\/\/www.grupoutam.com.br\/2026\/wp-content\/uploads\/2026\/03\/banner-nossos-cafes-300x109.png 300w, https:\/\/www.grupoutam.com.br\/2026\/wp-content\/uploads\/2026\/03\/banner-nossos-cafes-1024x373.png 1024w, https:\/\/www.grupoutam.com.br\/2026\/wp-content\/uploads\/2026\/03\/banner-nossos-cafes-768x280.png 768w\" sizes=\"(max-width: 1440px) 100vw, 1440px\" \/>\t\t\t\t\t\t\t\t\t\t\t\t\t\t\t<\/div>\n\t\t\t\t<\/div>\n\t\t<div class=\"elementor-element elementor-element-54715dc e-con-full e-flex e-con e-parent\" data-id=\"54715dc\" data-element_type=\"container\" data-e-type=\"container\">\n\t\t\t\t<div class=\"elementor-element elementor-element-c9ede5e elementor-widget elementor-widget-heading\" data-id=\"c9ede5e\" data-element_type=\"widget\" data-e-type=\"widget\" data-widget_type=\"heading.default\">\n\t\t\t\t\t<h1 class=\"elementor-heading-title elementor-size-default\">Envie seu Curr\u00edculo<\/h1>\t\t\t\t<\/div>\n\t\t\t\t<\/div>\n\t\t<div class=\"elementor-element elementor-element-bae640b e-flex e-con-boxed e-con e-parent\" data-id=\"bae640b\" data-element_type=\"container\" data-e-type=\"container\">\n\t\t\t\t\t<div class=\"e-con-inner\">\n\t\t\t\t<div class=\"elementor-element elementor-element-f5fb852 elementor-widget elementor-widget-html\" data-id=\"f5fb852\" data-element_type=\"widget\" data-e-type=\"widget\" data-widget_type=\"html.default\">\n\t\t\t\t\t<script>\r\ndocument.addEventListener(\"DOMContentLoaded\", function () {\r\n\r\n  function aplicarMascaraTelefone(input) {\r\n\r\n    input.addEventListener(\"input\", function () {\r\n      let valor = input.value.replace(\/\\D\/g, \"\");\r\n\r\n      if (valor.length > 11) {\r\n        valor = valor.slice(0, 11);\r\n      }\r\n\r\n      \/\/ Formata\u00e7\u00e3o din\u00e2mica\r\n      if (valor.length <= 10) {\r\n        \/\/ (11) 1234-5678\r\n        valor = valor.replace(\/^(\\d{2})(\\d)\/g, \"($1) $2\");\r\n        valor = valor.replace(\/(\\d{4})(\\d)\/, \"$1-$2\");\r\n      } else {\r\n        \/\/ (11) 91234-5678\r\n        valor = valor.replace(\/^(\\d{2})(\\d)\/g, \"($1) $2\");\r\n        valor = valor.replace(\/(\\d{5})(\\d)\/, \"$1-$2\");\r\n      }\r\n\r\n      input.value = valor;\r\n    });\r\n\r\n  }\r\n\r\n  \/\/ Aplica em TODOS inputs de telefone do site\r\n  document.querySelectorAll('input[type=\"tel\"], input[name*=\"tel\"], input[name*=\"phone\"]').forEach(function(input){\r\n    aplicarMascaraTelefone(input);\r\n  });\r\n\r\n});\r\n<\/script>\t\t\t\t<\/div>\n\t\t\t\t<div class=\"elementor-element elementor-element-3fcb961 elementor-widget elementor-widget-shortcode\" data-id=\"3fcb961\" data-element_type=\"widget\" data-e-type=\"widget\" data-widget_type=\"shortcode.default\">\n\t\t\t\t\t\t\t<div class=\"elementor-shortcode\">\n<div class=\"wpcf7 no-js\" id=\"wpcf7-f1010-o1\" lang=\"pt-BR\" dir=\"ltr\" data-wpcf7-id=\"1010\">\n<div class=\"screen-reader-response\"><p role=\"status\" aria-live=\"polite\" aria-atomic=\"true\"><\/p> <ul><\/ul><\/div>\n<form action=\"\/2026\/wp-json\/wp\/v2\/pages\/1011#wpcf7-f1010-o1\" method=\"post\" class=\"wpcf7-form init\" aria-label=\"Formul\u00e1rios de contato\" enctype=\"multipart\/form-data\" novalidate=\"novalidate\" data-status=\"init\">\n<fieldset class=\"hidden-fields-container\"><input type=\"hidden\" name=\"_wpcf7\" value=\"1010\" \/><input type=\"hidden\" name=\"_wpcf7_version\" value=\"6.1.5\" \/><input type=\"hidden\" name=\"_wpcf7_locale\" value=\"pt_BR\" \/><input type=\"hidden\" name=\"_wpcf7_unit_tag\" value=\"wpcf7-f1010-o1\" \/><input type=\"hidden\" name=\"_wpcf7_container_post\" value=\"0\" \/><input type=\"hidden\" name=\"_wpcf7_posted_data_hash\" value=\"\" \/>\n<\/fieldset>\n<input class=\"wpcf7-form-control wpcf7-hidden\" value=\"Envie seu Curr\u00edculo\" type=\"hidden\" name=\"your-subject\" \/>\n<div class=\"utam-form\">\n\t<div class=\"utam-form-row\">\n\t\t<p><label>Nome*<\/label><br \/>\n<span class=\"wpcf7-form-control-wrap\" data-name=\"your-name\"><input size=\"40\" maxlength=\"400\" class=\"wpcf7-form-control wpcf7-text wpcf7-validates-as-required\" aria-required=\"true\" aria-invalid=\"false\" placeholder=\"Digite seu nome\" value=\"\" type=\"text\" name=\"your-name\" \/><\/span>\n\t\t<\/p>\n\t<\/div>\n\t<div class=\"utam-form-row\">\n\t\t<p><label>Telefone*<\/label><br \/>\n<span class=\"wpcf7-form-control-wrap\" data-name=\"telefone\"><input size=\"40\" maxlength=\"400\" class=\"wpcf7-form-control wpcf7-tel wpcf7-validates-as-required wpcf7-text wpcf7-validates-as-tel\" aria-required=\"true\" aria-invalid=\"false\" placeholder=\"(00) 00000-0000\" value=\"\" type=\"tel\" name=\"telefone\" \/><\/span>\n\t\t<\/p>\n\t<\/div>\n\t<div class=\"utam-form-row\">\n\t\t<p><label>E-mail*<\/label><br \/>\n<span class=\"wpcf7-form-control-wrap\" data-name=\"your-email\"><input size=\"40\" maxlength=\"400\" class=\"wpcf7-form-control wpcf7-email wpcf7-validates-as-required wpcf7-text wpcf7-validates-as-email\" aria-required=\"true\" aria-invalid=\"false\" placeholder=\"Digite seu e-mail\" value=\"\" type=\"email\" name=\"your-email\" \/><\/span>\n\t\t<\/p>\n\t<\/div>\n\t<div class=\"utam-form-row\">\n\t\t<p><label>Cargo Desejado*<\/label><br \/>\n<span class=\"wpcf7-form-control-wrap\" data-name=\"cargo-desejado\"><input size=\"40\" maxlength=\"400\" class=\"wpcf7-form-control wpcf7-text wpcf7-validates-as-required\" aria-required=\"true\" aria-invalid=\"false\" placeholder=\"Digite o cargo desejado\" value=\"\" type=\"text\" name=\"cargo-desejado\" \/><\/span>\n\t\t<\/p>\n\t<\/div>\n\t<div class=\"utam-form-row\">\n\t\t<p><label>Envie seu curr\u00edculo*<\/label><br \/>\n<span class=\"wpcf7-form-control-wrap\" data-name=\"curriculo\"><input size=\"40\" class=\"wpcf7-form-control wpcf7-file wpcf7-validates-as-required\" accept=\".pdf,.doc,.docx\" aria-required=\"true\" aria-invalid=\"false\" type=\"file\" name=\"curriculo\" \/><\/span>\n\t\t<\/p>\n\t<\/div>\n\t<div class=\"utam-lgpd\">\n\t\t<p><span class=\"wpcf7-form-control-wrap\" data-name=\"lgpd\"><span class=\"wpcf7-form-control wpcf7-acceptance\"><span class=\"wpcf7-list-item\"><label><input type=\"checkbox\" name=\"lgpd\" value=\"1\" aria-invalid=\"false\" \/><span class=\"wpcf7-list-item-label\">Eu concordo com a <a href=\"https:\/\/www.grupoutam.com.br\/2026\/sobre\/#politica-de-privacidade\" target=\"_blank\">Pol\u00edtica de Privacidade<\/a>.<\/span><\/label><\/span><\/span><\/span>\n\t\t<\/p>\n\t<\/div>\n\t<div class=\"utam-form-submit\">\n\t\t<p><input class=\"wpcf7-form-control wpcf7-submit has-spinner\" type=\"submit\" value=\"Enviar curr\u00edculo\" \/>\n\t\t<\/p>\n\t<\/div>\n<\/div><div class=\"wpcf7-response-output\" aria-hidden=\"true\"><\/div>\n<\/form>\n<\/div>\n<\/div>\n\t\t\t\t\t\t<\/div>\n\t\t\t\t\t<\/div>\n\t\t\t\t<\/div>\n\t\t\t\t<\/div>\n\t\t","protected":false},"excerpt":{"rendered":"","protected":false},"author":1,"featured_media":0,"parent":0,"menu_order":0,"comment_status":"closed","ping_status":"closed","template":"","meta":{"_acf_changed":false,"footnotes":""},"class_list":["post-1011","page","type-page","status-publish","hentry"],"acf":[],"_links":{"self":[{"href":"https:\/\/www.grupoutam.com.br\/2026\/wp-json\/wp\/v2\/pages\/1011","targetHints":{"allow":["GET"]}}],"collection":[{"href":"https:\/\/www.grupoutam.com.br\/2026\/wp-json\/wp\/v2\/pages"}],"about":[{"href":"https:\/\/www.grupoutam.com.br\/2026\/wp-json\/wp\/v2\/types\/page"}],"author":[{"embeddable":true,"href":"https:\/\/www.grupoutam.com.br\/2026\/wp-json\/wp\/v2\/users\/1"}],"replies":[{"embeddable":true,"href":"https:\/\/www.grupoutam.com.br\/2026\/wp-json\/wp\/v2\/comments?post=1011"}],"version-history":[{"count":4,"href":"https:\/\/www.grupoutam.com.br\/2026\/wp-json\/wp\/v2\/pages\/1011\/revisions"}],"predecessor-version":[{"id":1015,"href":"https:\/\/www.grupoutam.com.br\/2026\/wp-json\/wp\/v2\/pages\/1011\/revisions\/1015"}],"wp:attachment":[{"href":"https:\/\/www.grupoutam.com.br\/2026\/wp-json\/wp\/v2\/media?parent=1011"}],"curies":[{"name":"wp","href":"https:\/\/api.w.org\/{rel}","templated":true}]}}